{"id":21,"date":"2026-02-06T20:18:17","date_gmt":"2026-02-06T20:18:17","guid":{"rendered":"https:\/\/208.edukovac.xyz\/?page_id=21"},"modified":"2026-02-16T08:44:43","modified_gmt":"2026-02-16T08:44:43","slug":"front-page","status":"publish","type":"page","link":"https:\/\/208.edukovac.xyz\/","title":{"rendered":"O meni"},"content":{"rendered":"<p>[et_pb_section fb_built=&#8221;1&#8243; admin_label=&#8221;Header&#8221; _builder_version=&#8221;4.15.1&#8243; background_enable_color=&#8221;off&#8221; use_background_color_gradient=&#8221;on&#8221; background_color_gradient_start=&#8221;#ffffff&#8221; background_color_gradient_end=&#8221;#e09900&#8243; background_image=&#8221;http:\/\/208.edukovac.xyz\/wp-content\/uploads\/2026\/02\/music-teacher_40.png&#8221; background_last_edited=&#8221;on|phone&#8221; background_position_phone=&#8221;center_right&#8221; global_colors_info=&#8221;{}&#8221;][et_pb_row _builder_version=&#8221;4.15.1&#8243; custom_padding=&#8221;||0px|||&#8221; global_colors_info=&#8221;{}&#8221;][et_pb_column type=&#8221;4_4&#8243; _builder_version=&#8221;4.15.1&#8243; global_colors_info=&#8221;{}&#8221;][et_pb_text _builder_version=&#8221;4.15.1&#8243; text_font_size=&#8221;16px&#8221; text_line_height=&#8221;1.8em&#8221; header_font=&#8221;Inria Serif|700|||||||&#8221; header_text_color=&#8221;#000000&#8243; header_font_size=&#8221;70px&#8221; header_line_height=&#8221;1.2em&#8221; z_index=&#8221;1&#8243; max_width=&#8221;800px&#8221; custom_margin=&#8221;||||false|false&#8221; text_font_size_tablet=&#8221;&#8221; text_font_size_phone=&#8221;14px&#8221; text_font_size_last_edited=&#8221;on|phone&#8221; header_font_size_tablet=&#8221;48px&#8221; header_font_size_phone=&#8221;24px&#8221; header_font_size_last_edited=&#8221;on|phone&#8221; locked=&#8221;off&#8221; global_colors_info=&#8221;{}&#8221;]<\/p>\n<h1>O meni<\/h1>\n<p>[\/et_pb_text][\/et_pb_column][\/et_pb_row][et_pb_row column_structure=&#8221;1_4,3_4&#8243; _builder_version=&#8221;4.15&#8243; global_colors_info=&#8221;{}&#8221;][et_pb_column type=&#8221;1_4&#8243; _builder_version=&#8221;4.15&#8243; global_colors_info=&#8221;{}&#8221;][et_pb_image src=&#8221;http:\/\/208.edukovac.xyz\/wp-content\/uploads\/2026\/02\/portrait-square-04.jpg&#8221; title_text=&#8221;portrait-square-04&#8243; _builder_version=&#8221;4.15&#8243; _module_preset=&#8221;default&#8221; max_width=&#8221;180px&#8221; border_radii=&#8221;on|160px|160px|160px|160px&#8221; global_colors_info=&#8221;{}&#8221;][\/et_pb_image][\/et_pb_column][et_pb_column type=&#8221;3_4&#8243; _builder_version=&#8221;4.15&#8243; global_colors_info=&#8221;{}&#8221;][et_pb_text _builder_version=&#8221;4.15.1&#8243; text_font_size=&#8221;16px&#8221; text_line_height=&#8221;1.8em&#8221; header_font=&#8221;Inria Serif|700|||||||&#8221; header_text_color=&#8221;#000000&#8243; header_font_size=&#8221;70px&#8221; header_line_height=&#8221;1.2em&#8221; max_width=&#8221;800px&#8221; custom_margin=&#8221;||||false|false&#8221; hover_enabled=&#8221;0&#8243; text_font_size_tablet=&#8221;&#8221; text_font_size_phone=&#8221;14px&#8221; text_font_size_last_edited=&#8221;on|phone&#8221; header_font_size_tablet=&#8221;48px&#8221; header_font_size_phone=&#8221;24px&#8221; header_font_size_last_edited=&#8221;on|phone&#8221; locked=&#8221;off&#8221; global_colors_info=&#8221;{}&#8221; sticky_enabled=&#8221;0&#8243;]<\/p>\n<p data-start=\"147\" data-end=\"495\">Profesor klavira Li Wei ro\u0111en je u Pekingu, u <span class=\"hover:entity-accent entity-underline inline cursor-pointer align-baseline\"><span class=\"whitespace-normal\">Peking<\/span><\/span>, gde je i zapo\u010deo svoje muzi\u010dko obrazovanje sa \u0161est godina. Ve\u0107 u ranom detinjstvu pokazao je izuzetan talenat i ose\u0107aj za muziku, zbog \u010dega je primljen na presti\u017eni <span class=\"hover:entity-accent entity-underline inline cursor-pointer align-baseline\"><span class=\"whitespace-normal\">Central Conservatory of Music<\/span><\/span>, gde je diplomirao i kasnije zavr\u0161io master studije klavira.<\/p>\n<p data-start=\"497\" data-end=\"867\">Tokom \u0161kolovanja osvajao je brojne nagrade na nacionalnim i me\u0111unarodnim takmi\u010denjima, a usavr\u0161avao se kod istaknutih pedagoga i pijanista. Njegov repertoar obuhvata dela od baroka do savremene muzike, sa posebnim interesovanjem za kompozicije autora kao \u0161to su <span class=\"hover:entity-accent entity-underline inline cursor-pointer align-baseline\"><span class=\"whitespace-normal\">Fr\u00e9d\u00e9ric Chopin<\/span><\/span>, <span class=\"hover:entity-accent entity-underline inline cursor-pointer align-baseline\"><span class=\"whitespace-normal\">Claude Debussy<\/span><\/span> i kineski kompozitori 20. veka.<\/p>\n<p data-start=\"869\" data-end=\"1141\">Kao koncertni pijanista nastupao je \u0161irom Azije i Evrope, sara\u0111uju\u0107i sa orkestrima i kamernim ansamblima. Pored izvo\u0111a\u010dke karijere, posebnu pa\u017enju posve\u0107uje pedago\u0161kom radu. Njegovi u\u010denici posti\u017eu zapa\u017eene rezultate na takmi\u010denjima i upisuju renomirane muzi\u010dke akademije.<\/p>\n<p data-start=\"1143\" data-end=\"1367\">Profesor Li Wei poznat je po strpljivom, sistemati\u010dnom i inspirativnom pristupu nastavi. Njegova pedago\u0161ka filozofija zasniva se na individualnom radu, razvoju tehnike, ali i podsticanju umetni\u010dke slobode i emotivnog izraza.<\/p>\n<p data-start=\"1369\" data-end=\"1486\">Veruje da muzika prevazilazi granice jezika i kultura, te da klavir predstavlja most koji povezuje ljude \u0161irom sveta.<\/p>\n<p>[\/et_pb_text][\/et_pb_column][\/et_pb_row][\/et_pb_section][et_pb_section fb_built=&#8221;1&#8243; admin_label=&#8221;About&#8221; _builder_version=&#8221;4.15.1&#8243; background_color=&#8221;#f6f0ee&#8221; use_background_color_gradient=&#8221;on&#8221; background_color_gradient_start=&#8221;#e09900&#8243; background_color_gradient_end=&#8221;#ffffff&#8221; custom_padding=&#8221;0px|||||&#8221; global_colors_info=&#8221;{}&#8221;][et_pb_row column_structure=&#8221;1_2,1_2&#8243; use_custom_gutter=&#8221;on&#8221; make_equal=&#8221;on&#8221; _builder_version=&#8221;4.15&#8243; custom_padding=&#8221;||||false|false&#8221; locked=&#8221;off&#8221; global_colors_info=&#8221;{}&#8221;][et_pb_column type=&#8221;1_2&#8243; _builder_version=&#8221;4.7.4&#8243; use_background_color_gradient=&#8221;on&#8221; background_color_gradient_start=&#8221;rgba(0,0,0,0)&#8221; background_color_gradient_end=&#8221;#000000&#8243; background_color_gradient_overlays_image=&#8221;on&#8221; background_image=&#8221;http:\/\/208.edukovac.xyz\/wp-content\/uploads\/2026\/02\/music-teacher_49.jpg&#8221; custom_padding_tablet=&#8221;100px||100px||true|false&#8221; custom_padding_last_edited=&#8221;off|desktop&#8221; global_colors_info=&#8221;{}&#8221;][et_pb_image src=&#8221;http:\/\/208.edukovac.xyz\/wp-content\/uploads\/2026\/02\/music-teacher_50.png&#8221; title_text=&#8221;music-teacher_50&#8243; align=&#8221;right&#8221; _builder_version=&#8221;4.15&#8243; custom_margin=&#8221;||||false|true&#8221; custom_margin_tablet=&#8221;|||400px|false|false&#8221; custom_margin_phone=&#8221;|||200px|false|false&#8221; custom_margin_last_edited=&#8221;off|desktop&#8221; global_colors_info=&#8221;{}&#8221;][\/et_pb_image][\/et_pb_column][et_pb_column type=&#8221;1_2&#8243; _builder_version=&#8221;4.15&#8243; custom_padding=&#8221;80px||||false|false&#8221; custom_padding_tablet=&#8221;0px||||false|false&#8221; custom_padding_phone=&#8221;&#8221; custom_padding_last_edited=&#8221;on|tablet&#8221; global_colors_info=&#8221;{}&#8221;][et_pb_text _builder_version=&#8221;4.15.1&#8243; text_font_size=&#8221;16px&#8221; text_line_height=&#8221;1.8em&#8221; header_2_font=&#8221;Inria Serif|700|||||||&#8221; header_2_text_color=&#8221;#000000&#8243; header_2_font_size=&#8221;60px&#8221; header_2_line_height=&#8221;1.1em&#8221; max_width=&#8221;700px&#8221; module_alignment=&#8221;center&#8221; text_font_size_tablet=&#8221;&#8221; text_font_size_phone=&#8221;14px&#8221; text_font_size_last_edited=&#8221;on|phone&#8221; header_2_font_size_tablet=&#8221;30px&#8221; header_2_font_size_phone=&#8221;22px&#8221; header_2_font_size_last_edited=&#8221;on|desktop&#8221; locked=&#8221;off&#8221; global_colors_info=&#8221;{}&#8221;]<\/p>\n<h2>Moja misija<\/h2>\n<p data-start=\"176\" data-end=\"608\">Moja misija kao profesora klavira je da kroz muziku razvijam ne samo tehni\u010dke ve\u0161tine svojih u\u010denika, ve\u0107 i njihovu li\u010dnost, samopouzdanje i kreativnost. Kroz upoznavanje sa delima velikih kompozitora poput <span class=\"hover:entity-accent entity-underline inline cursor-pointer align-baseline\"><span class=\"whitespace-normal\">Ludwig van Beethoven<\/span><\/span>, <span class=\"hover:entity-accent entity-underline inline cursor-pointer align-baseline\"><span class=\"whitespace-normal\">Fr\u00e9d\u00e9ric Chopin<\/span><\/span> i <span class=\"hover:entity-accent entity-underline inline cursor-pointer align-baseline\"><span class=\"whitespace-normal\">Johann Sebastian Bach<\/span><\/span>, \u017eelim da im pribli\u017eim bogatstvo klasi\u010dne muzike, ali i da ih podstaknem da prona\u0111u sopstveni muzi\u010dki izraz.<\/p>\n<p data-start=\"610\" data-end=\"866\">Verujem da svaki u\u010denik ima jedinstven potencijal. Moj zadatak je da ga prepoznam, negujem i razvijam kroz strpljiv, posve\u0107en i inspirativan rad. Klavir nije samo instrument \u2014 on je sredstvo izra\u017eavanja emocija, discipline, istrajnosti i umetni\u010dke slobode.<\/p>\n<p data-start=\"868\" data-end=\"1144\">Te\u017eim da stvorim bezbedno i motivi\u0161u\u0107e okru\u017eenje u kome se gre\u0161ke do\u017eivljavaju kao deo procesa u\u010denja, a uspeh kao rezultat truda i ljubavi prema muzici. Moja misija je da u\u010denici ne u\u010de klavir zato \u0161to moraju, ve\u0107 zato \u0161to \u017eele \u2014 da muzika postane njihov saputnik kroz \u017eivot.<\/p>\n<p>[\/et_pb_text][et_pb_button button_url=&#8221;#&#8221; button_text=&#8221;Vi\u0161e informacija&#8221; _builder_version=&#8221;4.15.1&#8243; custom_button=&#8221;on&#8221; button_text_size=&#8221;12px&#8221; button_text_color=&#8221;#000000&#8243; button_bg_color=&#8221;#ffffff&#8221; button_border_width=&#8221;0px&#8221; button_border_radius=&#8221;0px&#8221; button_letter_spacing=&#8221;4px&#8221; button_font=&#8221;|700||on|||||&#8221; custom_padding=&#8221;18px|30px|18px|30px|true|true&#8221; box_shadow_style=&#8221;preset3&#8243; box_shadow_vertical=&#8221;47px&#8221; box_shadow_blur=&#8221;48px&#8221; box_shadow_spread=&#8221;0px&#8221; box_shadow_color=&#8221;rgba(100,146,188,0.15)&#8221; locked=&#8221;off&#8221; global_colors_info=&#8221;{}&#8221;][\/et_pb_button][\/et_pb_column][\/et_pb_row][\/et_pb_section]<\/p>\n","protected":false},"excerpt":{"rendered":"<p>O meniProfesor klavira Li Wei ro\u0111en je u Pekingu, u Peking, gde je i zapo\u010deo svoje muzi\u010dko obrazovanje sa \u0161est godina. Ve\u0107 u ranom detinjstvu pokazao je izuzetan talenat i ose\u0107aj za muziku, zbog \u010dega je primljen na presti\u017eni Central Conservatory of Music, gde je diplomirao i kasnije zavr\u0161io master studije klavira. Tokom \u0161kolovanja osvajao [&hellip;]<\/p>\n","protected":false},"author":1,"featured_media":0,"parent":0,"menu_order":0,"comment_status":"closed","ping_status":"closed","template":"","meta":{"_et_pb_use_builder":"on","_et_pb_old_content":"","_et_gb_content_width":"","footnotes":""},"class_list":["post-21","page","type-page","status-publish","hentry"],"_links":{"self":[{"href":"https:\/\/208.edukovac.xyz\/index.php\/wp-json\/wp\/v2\/pages\/21","targetHints":{"allow":["GET"]}}],"collection":[{"href":"https:\/\/208.edukovac.xyz\/index.php\/wp-json\/wp\/v2\/pages"}],"about":[{"href":"https:\/\/208.edukovac.xyz\/index.php\/wp-json\/wp\/v2\/types\/page"}],"author":[{"embeddable":true,"href":"https:\/\/208.edukovac.xyz\/index.php\/wp-json\/wp\/v2\/users\/1"}],"replies":[{"embeddable":true,"href":"https:\/\/208.edukovac.xyz\/index.php\/wp-json\/wp\/v2\/comments?post=21"}],"version-history":[{"count":17,"href":"https:\/\/208.edukovac.xyz\/index.php\/wp-json\/wp\/v2\/pages\/21\/revisions"}],"predecessor-version":[{"id":175,"href":"https:\/\/208.edukovac.xyz\/index.php\/wp-json\/wp\/v2\/pages\/21\/revisions\/175"}],"wp:attachment":[{"href":"https:\/\/208.edukovac.xyz\/index.php\/wp-json\/wp\/v2\/media?parent=21"}],"curies":[{"name":"wp","href":"https:\/\/api.w.org\/{rel}","templated":true}]}}