{"id":131,"date":"2026-02-16T08:02:57","date_gmt":"2026-02-16T08:02:57","guid":{"rendered":"https:\/\/208.edukovac.xyz\/?page_id=131"},"modified":"2026-02-16T08:50:45","modified_gmt":"2026-02-16T08:50:45","slug":"naslovna","status":"publish","type":"page","link":"https:\/\/208.edukovac.xyz\/index.php\/naslovna\/","title":{"rendered":"Naslovna"},"content":{"rendered":"<p>[et_pb_section fb_built=&#8221;1&#8243; _builder_version=&#8221;4.15.1&#8243; _module_preset=&#8221;default&#8221; global_colors_info=&#8221;{}&#8221;][et_pb_row _builder_version=&#8221;4.15.1&#8243; _module_preset=&#8221;default&#8221; global_colors_info=&#8221;{}&#8221;][et_pb_column type=&#8221;4_4&#8243; _builder_version=&#8221;4.15.1&#8243; _module_preset=&#8221;default&#8221; global_colors_info=&#8221;{}&#8221;][et_pb_slider _builder_version=&#8221;4.15.1&#8243; _module_preset=&#8221;default&#8221; background_enable_image=&#8221;off&#8221; global_colors_info=&#8221;{}&#8221;][et_pb_slide heading=&#8221;Muzi\u010dka \u0161kola Rapsodija vr\u0161i upis&#8221; button_text=&#8221;Klikni ovde&#8221; image=&#8221;http:\/\/208.edukovac.xyz\/wp-content\/uploads\/2026\/02\/Logo-4.png&#8221; _builder_version=&#8221;4.15.1&#8243; _module_preset=&#8221;default&#8221; background_color=&#8221;#E09900&#8243; background_enable_color=&#8221;on&#8221; use_background_color_gradient=&#8221;on&#8221; background_color_gradient_start=&#8221;#ffffff&#8221; background_color_gradient_end=&#8221;#e09900&#8243; global_colors_info=&#8221;{}&#8221; sticky_transition=&#8221;on&#8221;]<\/p>\n<p>Ukoliko \u017eeli\u0161 da nau\u010di\u0161 da svira\u0161 klavir ili violinu, ovo je poziv za tebe<\/p>\n<p>[\/et_pb_slide][et_pb_slide heading=&#8221;Tvoja budu\u0107nost po\u010dinje sada&#8221; button_text=&#8221;Klikni ovde&#8221; image=&#8221;http:\/\/208.edukovac.xyz\/wp-content\/uploads\/2026\/02\/music-teacher_30.png&#8221; _builder_version=&#8221;4.15.1&#8243; _module_preset=&#8221;default&#8221; use_background_color_gradient=&#8221;on&#8221; background_color_gradient_start=&#8221;#ffffff&#8221; background_color_gradient_end=&#8221;#e09900&#8243; global_colors_info=&#8221;{}&#8221; sticky_transition=&#8221;on&#8221;]<\/p>\n<p>Za vi\u0161e informacija o uslovima konkursa klikni ispod<\/p>\n<p>[\/et_pb_slide][\/et_pb_slider][\/et_pb_column][\/et_pb_row][et_pb_row column_structure=&#8221;1_2,1_2&#8243; _builder_version=&#8221;4.15.1&#8243; _module_preset=&#8221;default&#8221; use_background_color_gradient=&#8221;on&#8221; background_color_gradient_start=&#8221;#e09900&#8243; background_color_gradient_end=&#8221;#ffffff&#8221; global_colors_info=&#8221;{}&#8221;][et_pb_column type=&#8221;1_2&#8243; _builder_version=&#8221;4.15.1&#8243; _module_preset=&#8221;default&#8221; global_colors_info=&#8221;{}&#8221;][et_pb_image src=&#8221;http:\/\/208.edukovac.xyz\/wp-content\/uploads\/2026\/02\/music-teacher_49.jpg&#8221; title_text=&#8221;music-teacher_49&#8243; _builder_version=&#8221;4.15.1&#8243; _module_preset=&#8221;default&#8221; global_colors_info=&#8221;{}&#8221;][\/et_pb_image][\/et_pb_column][et_pb_column type=&#8221;1_2&#8243; _builder_version=&#8221;4.15.1&#8243; _module_preset=&#8221;default&#8221; global_colors_info=&#8221;{}&#8221;][et_pb_text _builder_version=&#8221;4.15.1&#8243; _module_preset=&#8221;default&#8221; background_color_gradient_start=&#8221;#e09900&#8243; background_color_gradient_end=&#8221;#ffffff&#8221; hover_enabled=&#8221;0&#8243; global_colors_info=&#8221;{}&#8221; text_font=&#8221;Abhaya Libre||||||||&#8221; text_text_color=&#8221;#000000&#8243; text_font_size=&#8221;12px&#8221; sticky_enabled=&#8221;0&#8243;]<\/p>\n<p>Muzika je zna\u010dajna za \u017eivot jer uti\u010de na nas dublje nego gotovo bilo koji drugi oblik umetnosti \u2014 na emocije, misli, telo i odnose sa drugima. Evo nekoliko klju\u010dnih razloga:<\/p>\n<hr \/>\n<h3>\ud83c\udfb5 1. Emocionalni izraz i rastere\u0107enje<\/h3>\n<p>Muzika nam poma\u017ee da izrazimo ono \u0161to je te\u0161ko izgovoriti re\u010dima. Kada slu\u0161amo dela kompozitora poput Ludwig van Beethoven ili Fr\u00e9d\u00e9ric Chopin, \u010desto prepoznajemo sopstvene emocije u njihovim melodijama. Muzika mo\u017ee da umiri, ute\u0161i, motivi\u0161e ili osna\u017ei.<\/p>\n<hr \/>\n<h3>\ud83e\udde0 2. Razvoj mozga i kognitivnih sposobnosti<\/h3>\n<p>Sviranje instrumenta aktivira obe hemisfere mozga istovremeno. Istra\u017eivanja pokazuju da muzika pobolj\u0161ava koncentraciju, pam\u0107enje, koordinaciju i kreativno razmi\u0161ljanje \u2014 posebno kod dece.<\/p>\n<hr \/>\n<h3>\u2764\ufe0f 3. Povezivanje sa drugima<\/h3>\n<p>Muzika je univerzalni jezik. Bez obzira na kulturu ili jezik, pesma mo\u017ee da spoji ljude. Koncerti, horovi i zajedni\u010dko muziciranje stvaraju ose\u0107aj pripadnosti i zajedni\u0161tva.<\/p>\n<hr \/>\n<h3>\ud83c\udf31 4. Izgradnja li\u010dnosti<\/h3>\n<p>U\u010denje muzike razvija disciplinu, strpljenje i istrajnost. Proces ve\u017ebanja u\u010di nas da napredak dolazi kroz trud, \u0161to je va\u017ena \u017eivotna lekcija.<\/p>\n<hr \/>\n<h3>\ud83c\udf0d 5. Kulturni identitet i tradicija<\/h3>\n<p>Muzika \u010duva istoriju i identitet naroda. Kroz nju u\u010dimo o pro\u0161losti, obi\u010dajima i vrednostima razli\u010ditih kultura.<\/p>\n<hr \/>\n<p>U su\u0161tini, muzika nije samo zabava \u2014 ona je na\u010din da razumemo sebe i svet oko sebe. Ona oboga\u0107uje \u017eivot, daje mu boju, dubinu i smisao.<\/p>\n<p>&nbsp;<\/p>\n<p>[\/et_pb_text][\/et_pb_column][\/et_pb_row][\/et_pb_section][et_pb_section fb_built=&#8221;1&#8243; _builder_version=&#8221;4.15.1&#8243; _module_preset=&#8221;default&#8221; global_colors_info=&#8221;{}&#8221;][et_pb_row _builder_version=&#8221;4.15.1&#8243; _module_preset=&#8221;default&#8221; global_colors_info=&#8221;{}&#8221;][et_pb_column type=&#8221;4_4&#8243; _builder_version=&#8221;4.15.1&#8243; _module_preset=&#8221;default&#8221; global_colors_info=&#8221;{}&#8221;][et_pb_divider _builder_version=&#8221;4.15.1&#8243; _module_preset=&#8221;default&#8221; use_background_color_gradient=&#8221;on&#8221; background_color_gradient_start=&#8221;#ffffff&#8221; background_color_gradient_end=&#8221;#e09900&#8243; global_colors_info=&#8221;{}&#8221;][\/et_pb_divider][\/et_pb_column][\/et_pb_row][\/et_pb_section][et_pb_section fb_built=&#8221;1&#8243; _builder_version=&#8221;4.15.1&#8243; _module_preset=&#8221;default&#8221; use_background_color_gradient=&#8221;on&#8221; background_color_gradient_start=&#8221;#e09900&#8243; background_color_gradient_end=&#8221;#ffffff&#8221; global_colors_info=&#8221;{}&#8221;][et_pb_row _builder_version=&#8221;4.15.1&#8243; _module_preset=&#8221;default&#8221; global_colors_info=&#8221;{}&#8221;][et_pb_column type=&#8221;4_4&#8243; _builder_version=&#8221;4.15.1&#8243; _module_preset=&#8221;default&#8221; global_colors_info=&#8221;{}&#8221;][et_pb_gallery gallery_ids=&#8221;42,44,38&#8243; _builder_version=&#8221;4.15.1&#8243; _module_preset=&#8221;default&#8221; global_colors_info=&#8221;{}&#8221;][\/et_pb_gallery][\/et_pb_column][\/et_pb_row][\/et_pb_section][et_pb_section fb_built=&#8221;1&#8243; _builder_version=&#8221;4.15.1&#8243; _module_preset=&#8221;default&#8221; global_colors_info=&#8221;{}&#8221;][et_pb_row _builder_version=&#8221;4.15.1&#8243; _module_preset=&#8221;default&#8221; use_background_color_gradient=&#8221;on&#8221; background_color_gradient_start=&#8221;#e09900&#8243; background_color_gradient_end=&#8221;#ffffff&#8221; global_colors_info=&#8221;{}&#8221;][et_pb_column type=&#8221;4_4&#8243; _builder_version=&#8221;4.15.1&#8243; _module_preset=&#8221;default&#8221; global_colors_info=&#8221;{}&#8221;][et_pb_map _builder_version=&#8221;4.15.1&#8243; _module_preset=&#8221;default&#8221; global_colors_info=&#8221;{}&#8221;][et_pb_map_pin _builder_version=&#8221;4.15.1&#8243; _module_preset=&#8221;default&#8221; global_colors_info=&#8221;{}&#8221;][\/et_pb_map_pin][\/et_pb_map][\/et_pb_column][\/et_pb_row][\/et_pb_section]<\/p>\n","protected":false},"excerpt":{"rendered":"<p>Ukoliko \u017eeli\u0161 da nau\u010di\u0161 da svira\u0161 klavir ili violinu, ovo je poziv za tebeZa vi\u0161e informacija o uslovima konkursa klikni ispodMuzika je zna\u010dajna za \u017eivot jer uti\u010de na nas dublje nego gotovo bilo koji drugi oblik umetnosti \u2014 na emocije, misli, telo i odnose sa drugima. Evo nekoliko klju\u010dnih razloga: \ud83c\udfb5 1. Emocionalni izraz i [&hellip;]<\/p>\n","protected":false},"author":1,"featured_media":0,"parent":0,"menu_order":0,"comment_status":"closed","ping_status":"closed","template":"","meta":{"_et_pb_use_builder":"on","_et_pb_old_content":"","_et_gb_content_width":"","footnotes":""},"class_list":["post-131","page","type-page","status-publish","hentry"],"_links":{"self":[{"href":"https:\/\/208.edukovac.xyz\/index.php\/wp-json\/wp\/v2\/pages\/131","targetHints":{"allow":["GET"]}}],"collection":[{"href":"https:\/\/208.edukovac.xyz\/index.php\/wp-json\/wp\/v2\/pages"}],"about":[{"href":"https:\/\/208.edukovac.xyz\/index.php\/wp-json\/wp\/v2\/types\/page"}],"author":[{"embeddable":true,"href":"https:\/\/208.edukovac.xyz\/index.php\/wp-json\/wp\/v2\/users\/1"}],"replies":[{"embeddable":true,"href":"https:\/\/208.edukovac.xyz\/index.php\/wp-json\/wp\/v2\/comments?post=131"}],"version-history":[{"count":4,"href":"https:\/\/208.edukovac.xyz\/index.php\/wp-json\/wp\/v2\/pages\/131\/revisions"}],"predecessor-version":[{"id":178,"href":"https:\/\/208.edukovac.xyz\/index.php\/wp-json\/wp\/v2\/pages\/131\/revisions\/178"}],"wp:attachment":[{"href":"https:\/\/208.edukovac.xyz\/index.php\/wp-json\/wp\/v2\/media?parent=131"}],"curies":[{"name":"wp","href":"https:\/\/api.w.org\/{rel}","templated":true}]}}